{"id":8,"date":"2013-12-19T15:56:06","date_gmt":"2013-12-19T15:56:06","guid":{"rendered":"http:\/\/beliveas.cz\/?page_id=8"},"modified":"2018-01-15T16:26:07","modified_gmt":"2018-01-15T16:26:07","slug":"o-spolecnosti","status":"publish","type":"page","link":"https:\/\/milplace.cz\/","title":{"rendered":"O spole\u010dnosti"},"content":{"rendered":"<p>Spole\u010dnost Milplace, a.s.<strong><\/strong> byla zaps\u00e1na 18.12.2007 u M\u011bstsk\u00e9ho soudu v Praze, odd\u00edl B, vlo\u017eka 12814.<\/p>\n<p>Kontaktn\u00ed \u00fadaje:<br \/>\nMilplace, a.s.<br \/>\nSrb\u00ednsk\u00e1 4\/867<br \/>\n100 00 Praha 10<br \/>\nI\u010c: 28194926<br \/>\nDI\u010c: CZ28194926<\/p>\n<p><iframe loading=\"lazy\" width=\"425\" height=\"350\" frameborder=\"0\" scrolling=\"no\" marginheight=\"0\" marginwidth=\"0\" src=\"https:\/\/maps.google.cz\/maps?f=q&amp;source=s_q&amp;hl=cs&amp;geocode=&amp;q=Srb%C3%ADnsk%C3%A1+867%2F4,+Praha&amp;aq=0&amp;oq=Srb%C3%ADnsk%C3%A1+4%2F867,+&amp;sll=49.354962,16.013335&amp;sspn=0.007617,0.012681&amp;t=h&amp;brcurrent=5,0,0&amp;ie=UTF8&amp;hq=&amp;hnear=Srb%C3%ADnsk%C3%A1+867%2F4,+100+00+Praha&amp;z=14&amp;ll=50.068718,14.493805&amp;output=embed\"><\/iframe><br \/><small><a href=\"https:\/\/maps.google.cz\/maps?f=q&amp;source=embed&amp;hl=cs&amp;geocode=&amp;q=Srb%C3%ADnsk%C3%A1+867%2F4,+Praha&amp;aq=0&amp;oq=Srb%C3%ADnsk%C3%A1+4%2F867,+&amp;sll=49.354962,16.013335&amp;sspn=0.007617,0.012681&amp;t=h&amp;brcurrent=5,0,0&amp;ie=UTF8&amp;hq=&amp;hnear=Srb%C3%ADnsk%C3%A1+867%2F4,+100+00+Praha&amp;z=14&amp;ll=50.068718,14.493805\" style=\"color:#0000FF;text-align:left\">Zv\u011bt\u0161it mapu<\/a><\/small><\/p>\n<p>p\u0159edseda p\u0159edstavenstva:<br \/>\nOLGA KOPK\u00c1\u0160OV\u00c1, dat. nar.  2. z\u00e1\u0159\u00ed 1975<br \/>\nR\u00fdnsk\u00e1 948\/3, \u010cakovice, 196 00 Praha 9<br \/>\nDen vzniku funkce: 20. prosince 2011<br \/>\nDen vzniku \u010dlenstv\u00ed: 16. prosince 2011<\/p>\n","protected":false},"excerpt":{"rendered":"<p>Spole\u010dnost Milplace, a.s. byla zaps\u00e1na 18.12.2007 u M\u011bstsk\u00e9ho soudu v Praze, odd\u00edl B, vlo\u017eka 12814. Kontaktn\u00ed \u00fadaje: Milplace, a.s. Srb\u00ednsk\u00e1 4\/867 100 00 Praha 10 I\u010c: 28194926 DI\u010c: CZ28194926 Zv\u011bt\u0161it mapu p\u0159edseda p\u0159edstavenstva: OLGA KOPK\u00c1\u0160OV\u00c1, dat. nar. 2. z\u00e1\u0159\u00ed 1975 R\u00fdnsk\u00e1 948\/3, \u010cakovice, 196 00 Praha 9 Den vzniku funkce: 20. prosince 2011 Den vzniku [&hellip;]<\/p>\n","protected":false},"author":1,"featured_media":0,"parent":0,"menu_order":0,"comment_status":"closed","ping_status":"open","template":"","meta":{"footnotes":""},"class_list":["post-8","page","type-page","status-publish","hentry"],"_links":{"self":[{"href":"https:\/\/milplace.cz\/index.php?rest_route=\/wp\/v2\/pages\/8","targetHints":{"allow":["GET"]}}],"collection":[{"href":"https:\/\/milplace.cz\/index.php?rest_route=\/wp\/v2\/pages"}],"about":[{"href":"https:\/\/milplace.cz\/index.php?rest_route=\/wp\/v2\/types\/page"}],"author":[{"embeddable":true,"href":"https:\/\/milplace.cz\/index.php?rest_route=\/wp\/v2\/users\/1"}],"replies":[{"embeddable":true,"href":"https:\/\/milplace.cz\/index.php?rest_route=%2Fwp%2Fv2%2Fcomments&post=8"}],"version-history":[{"count":3,"href":"https:\/\/milplace.cz\/index.php?rest_route=\/wp\/v2\/pages\/8\/revisions"}],"predecessor-version":[{"id":28,"href":"https:\/\/milplace.cz\/index.php?rest_route=\/wp\/v2\/pages\/8\/revisions\/28"}],"wp:attachment":[{"href":"https:\/\/milplace.cz\/index.php?rest_route=%2Fwp%2Fv2%2Fmedia&parent=8"}],"curies":[{"name":"wp","href":"https:\/\/api.w.org\/{rel}","templated":true}]}}